{"id":13,"date":"2026-02-04T15:37:47","date_gmt":"2026-02-04T15:37:47","guid":{"rendered":"https:\/\/mantenimientoaguaosmosis.rkinformatika.online\/?page_id=13"},"modified":"2026-02-05T15:00:10","modified_gmt":"2026-02-05T15:00:10","slug":"servicios","status":"publish","type":"page","link":"https:\/\/mantenimientoaguaosmosis.com\/en\/servicios\/","title":{"rendered":"Services"},"content":{"rendered":"<div data-elementor-type=\"wp-page\" data-elementor-id=\"13\" class=\"elementor elementor-13\" data-elementor-post-type=\"page\">\n\t\t\t\t<div class=\"elementor-element elementor-element-dd02ced e-flex e-con-boxed e-con e-parent\" data-id=\"dd02ced\" data-element_type=\"container\" data-e-type=\"container\" data-settings=\"{&quot;background_background&quot;:&quot;classic&quot;,&quot;shape_divider_bottom&quot;:&quot;curve&quot;,&quot;shape_divider_bottom_negative&quot;:&quot;yes&quot;}\">\n\t\t\t\t\t<div class=\"e-con-inner\">\n\t\t\t\t<div class=\"elementor-shape elementor-shape-bottom\" aria-hidden=\"true\" data-negative=\"true\">\n\t\t\t<svg xmlns=\"http:\/\/www.w3.org\/2000\/svg\" viewbox=\"0 0 1000 100\" preserveaspectratio=\"none\">\n\t<path class=\"elementor-shape-fill\" d=\"M500,97C126.7,96.3,0.8,19.8,0,0v100l1000,0V1C1000,19.4,873.3,97.8,500,97z\"\/>\n<\/svg>\t\t<\/div>\n\t\t\t\t<div class=\"elementor-element elementor-element-8f439c9 elementor-widget elementor-widget-heading\" data-id=\"8f439c9\" data-element_type=\"widget\" data-e-type=\"widget\" data-widget_type=\"heading.default\">\n\t\t\t\t\t<h2 class=\"elementor-heading-title elementor-size-default\">Services <\/h2>\t\t\t\t<\/div>\n\t\t\t\t\t<\/div>\n\t\t\t\t<\/div>\n\t\t<div class=\"elementor-element elementor-element-f11db22 e-flex e-con-boxed e-con e-parent\" data-id=\"f11db22\" data-element_type=\"container\" data-e-type=\"container\">\n\t\t\t\t\t<div class=\"e-con-inner\">\n\t\t<div class=\"elementor-element elementor-element-93f4f2b e-con-full e-flex elementor-invisible e-con e-child\" data-id=\"93f4f2b\" data-element_type=\"container\" data-e-type=\"container\" data-settings=\"{&quot;animation&quot;:&quot;bounce&quot;}\">\n\t\t\t\t<div class=\"elementor-element elementor-element-0e98d31 elementor-widget elementor-widget-image\" data-id=\"0e98d31\" data-element_type=\"widget\" data-e-type=\"widget\" data-widget_type=\"image.default\">\n\t\t\t\t\t\t\t\t\t\t\t\t\t\t\t<img decoding=\"async\" src=\"https:\/\/mantenimientoaguaosmosis.com\/wp-content\/uploads\/elementor\/thumbs\/descalcificador-waterhome-mini-lcd-1-ripniu5luwd12f7iyla65na2605xbndt28cdy7ab34.jpg\" title=\"descalcificador-waterhome-mini-lcd (1)\" alt=\"descalcificador-waterhome-mini-lcd (1)\" loading=\"lazy\" \/>\t\t\t\t\t\t\t\t\t\t\t\t\t\t\t<\/div>\n\t\t\t\t<div class=\"elementor-element elementor-element-bff31cd elementor-widget elementor-widget-text-editor\" data-id=\"bff31cd\" data-element_type=\"widget\" data-e-type=\"widget\" data-widget_type=\"text-editor.default\">\n\t\t\t\t\t\t\t\t\t<p data-start=\"291\" data-end=\"481\">Soluciones para la reducci\u00f3n de dureza del agua mediante sistemas de intercambio i\u00f3nico, orientadas a la protecci\u00f3n de instalaciones, optimizaci\u00f3n de procesos y prolongaci\u00f3n de la vida \u00fatil de los equipos.<\/p>\t\t\t\t\t\t\t\t<\/div>\n\t\t\t\t<div class=\"elementor-element elementor-element-0b31fd8 elementor-widget elementor-widget-heading\" data-id=\"0b31fd8\" data-element_type=\"widget\" data-e-type=\"widget\" data-widget_type=\"heading.default\">\n\t\t\t\t\t<h2 class=\"elementor-heading-title elementor-size-default\">Descalcificadores<\/h2>\t\t\t\t<\/div>\n\t\t\t\t<\/div>\n\t\t<div class=\"elementor-element elementor-element-fa86273 e-con-full e-flex elementor-invisible e-con e-child\" data-id=\"fa86273\" data-element_type=\"container\" data-e-type=\"container\" data-settings=\"{&quot;animation&quot;:&quot;bounce&quot;}\">\n\t\t\t\t<div class=\"elementor-element elementor-element-324b6c7 elementor-widget elementor-widget-image\" data-id=\"324b6c7\" data-element_type=\"widget\" data-e-type=\"widget\" data-widget_type=\"image.default\">\n\t\t\t\t\t\t\t\t\t\t\t\t\t\t\t<img decoding=\"async\" src=\"https:\/\/mantenimientoaguaosmosis.com\/wp-content\/uploads\/elementor\/thumbs\/14145-ripbe4d2jyj2wlkb2tg8oumab8on27ndoop102t600.jpg\" title=\"14145\" alt=\"14145\" loading=\"lazy\" \/>\t\t\t\t\t\t\t\t\t\t\t\t\t\t\t<\/div>\n\t\t\t\t<div class=\"elementor-element elementor-element-8bc0c5f elementor-widget elementor-widget-heading\" data-id=\"8bc0c5f\" data-element_type=\"widget\" data-e-type=\"widget\" data-widget_type=\"heading.default\">\n\t\t\t\t\t<h2 class=\"elementor-heading-title elementor-size-default\">\u00d3smosis inversa<\/h2>\t\t\t\t<\/div>\n\t\t\t\t<div class=\"elementor-element elementor-element-f729e44 elementor-widget elementor-widget-text-editor\" data-id=\"f729e44\" data-element_type=\"widget\" data-e-type=\"widget\" data-widget_type=\"text-editor.default\">\n\t\t\t\t\t\t\t\t\t<p data-start=\"88\" data-end=\"289\">Instalaci\u00f3n, puesta en marcha y mantenimiento de equipos de alta eficiencia para la eliminaci\u00f3n de sales disueltas, contaminantes y part\u00edculas, garantizando agua de m\u00e1xima pureza.<\/p>\t\t\t\t\t\t\t\t<\/div>\n\t\t\t\t<\/div>\n\t\t<div class=\"elementor-element elementor-element-c7beeb5 e-con-full e-flex elementor-invisible e-con e-child\" data-id=\"c7beeb5\" data-element_type=\"container\" data-e-type=\"container\" data-settings=\"{&quot;animation&quot;:&quot;bounce&quot;}\">\n\t\t\t\t<div class=\"elementor-element elementor-element-6ae36d6 elementor-widget elementor-widget-image\" data-id=\"6ae36d6\" data-element_type=\"widget\" data-e-type=\"widget\" data-widget_type=\"image.default\">\n\t\t\t\t\t\t\t\t\t\t\t\t\t\t\t<img decoding=\"async\" src=\"https:\/\/mantenimientoaguaosmosis.com\/wp-content\/uploads\/elementor\/thumbs\/3d-rendering-gas-cylinder-scaled-ripd5rzle1o55x3ldc0ojsc2kmxicacz3r6t0ofcm8.jpg\" title=\"\" alt=\"\" loading=\"lazy\" \/>\t\t\t\t\t\t\t\t\t\t\t\t\t\t\t<\/div>\n\t\t\t\t<div class=\"elementor-element elementor-element-20ce24e elementor-widget elementor-widget-text-editor\" data-id=\"20ce24e\" data-element_type=\"widget\" data-e-type=\"widget\" data-widget_type=\"text-editor.default\">\n\t\t\t\t\t\t\t\t\t<p data-start=\"483\" data-end=\"647\">Instalaci\u00f3n y mantenimiento de sistemas espec\u00edficos para la eliminaci\u00f3n de nitratos, asegurando el cumplimiento de los est\u00e1ndares de calidad y normativas sanitarias.<\/p>\t\t\t\t\t\t\t\t<\/div>\n\t\t\t\t<div class=\"elementor-element elementor-element-e2255e5 elementor-widget elementor-widget-heading\" data-id=\"e2255e5\" data-element_type=\"widget\" data-e-type=\"widget\" data-widget_type=\"heading.default\">\n\t\t\t\t\t<h2 class=\"elementor-heading-title elementor-size-default\">Desnitrificadores<\/h2>\t\t\t\t<\/div>\n\t\t\t\t<\/div>\n\t\t<div class=\"elementor-element elementor-element-a366e33 e-con-full e-flex elementor-invisible e-con e-child\" data-id=\"a366e33\" data-element_type=\"container\" data-e-type=\"container\" data-settings=\"{&quot;animation&quot;:&quot;bounce&quot;}\">\n\t\t\t\t<div class=\"elementor-element elementor-element-3cbc63d elementor-widget elementor-widget-image\" data-id=\"3cbc63d\" data-element_type=\"widget\" data-e-type=\"widget\" data-widget_type=\"image.default\">\n\t\t\t\t\t\t\t\t\t\t\t\t\t\t\t<img decoding=\"async\" src=\"https:\/\/mantenimientoaguaosmosis.com\/wp-content\/uploads\/elementor\/thumbs\/2157-ripe4lwan1cndqi7ze0zxzwz0n95kimwk5gj7ss61s.jpg\" title=\"2157\" alt=\"2157\" loading=\"lazy\" \/>\t\t\t\t\t\t\t\t\t\t\t\t\t\t\t<\/div>\n\t\t\t\t<div class=\"elementor-element elementor-element-c0d7d7e elementor-widget elementor-widget-text-editor\" data-id=\"c0d7d7e\" data-element_type=\"widget\" data-e-type=\"widget\" data-widget_type=\"text-editor.default\">\n\t\t\t\t\t\t\t\t\t<p data-start=\"649\" data-end=\"868\">Dise\u00f1o, instalaci\u00f3n y mantenimiento de sistemas de filtraci\u00f3n, desinfecci\u00f3n y acondicionamiento del agua, adaptados a las necesidades de cada cliente.<\/p>\t\t\t\t\t\t\t\t<\/div>\n\t\t\t\t<div class=\"elementor-element elementor-element-5d58b10 elementor-widget elementor-widget-heading\" data-id=\"5d58b10\" data-element_type=\"widget\" data-e-type=\"widget\" data-widget_type=\"heading.default\">\n\t\t\t\t\t<h2 class=\"elementor-heading-title elementor-size-default\">Soluciones y equipos<\/h2>\t\t\t\t<\/div>\n\t\t\t\t<\/div>\n\t\t\t\t\t<\/div>\n\t\t\t\t<\/div>\n\t\t<div class=\"elementor-element elementor-element-c938788 e-flex e-con-boxed e-con e-parent\" data-id=\"c938788\" data-element_type=\"container\" data-e-type=\"container\" data-settings=\"{&quot;background_background&quot;:&quot;classic&quot;,&quot;shape_divider_top&quot;:&quot;curve&quot;}\">\n\t\t\t\t\t<div class=\"e-con-inner\">\n\t\t\t\t<div class=\"elementor-shape elementor-shape-top\" aria-hidden=\"true\" data-negative=\"false\">\n\t\t\t<svg xmlns=\"http:\/\/www.w3.org\/2000\/svg\" viewbox=\"0 0 1000 100\" preserveaspectratio=\"none\">\n    <path class=\"elementor-shape-fill\" d=\"M1000,4.3V0H0v4.3C0.9,23.1,126.7,99.2,500,100S1000,22.7,1000,4.3z\"\/>\n<\/svg>\t\t<\/div>\n\t\t\t\t<div class=\"elementor-element elementor-element-d11da69 elementor-invisible elementor-widget elementor-widget-heading\" data-id=\"d11da69\" data-element_type=\"widget\" data-e-type=\"widget\" data-settings=\"{&quot;_animation_tablet&quot;:&quot;fadeInLeft&quot;,&quot;_animation&quot;:&quot;fadeInLeft&quot;}\" data-widget_type=\"heading.default\">\n\t\t\t\t\t<h2 class=\"elementor-heading-title elementor-size-default\">Comienza a mejorar tu agua aqu\u00ed<\/h2>\t\t\t\t<\/div>\n\t\t\t\t<div class=\"elementor-element elementor-element-2dd385e elementor-align-center elementor-invisible elementor-widget elementor-widget-button\" data-id=\"2dd385e\" data-element_type=\"widget\" data-e-type=\"widget\" data-settings=\"{&quot;_animation_tablet&quot;:&quot;fadeInRight&quot;,&quot;_animation&quot;:&quot;fadeInRight&quot;}\" data-widget_type=\"button.default\">\n\t\t\t\t\t\t\t\t\t\t<a class=\"elementor-button elementor-button-link elementor-size-sm\" href=\"\/en\/contacto\/\">\n\t\t\t\t\t\t<span class=\"elementor-button-content-wrapper\">\n\t\t\t\t\t\t<span class=\"elementor-button-icon\">\n\t\t\t\t<svg aria-hidden=\"true\" class=\"e-font-icon-svg e-fas-mouse-pointer\" viewbox=\"0 0 320 512\" xmlns=\"http:\/\/www.w3.org\/2000\/svg\"><path d=\"M302.189 329.126H196.105l55.831 135.993c3.889 9.428-.555 19.999-9.444 23.999l-49.165 21.427c-9.165 4-19.443-.571-23.332-9.714l-53.053-129.136-86.664 89.138C18.729 472.71 0 463.554 0 447.977V18.299C0 1.899 19.921-6.096 30.277 5.443l284.412 292.542c11.472 11.179 3.007 31.141-12.5 31.141z\"><\/path><\/svg>\t\t\t<\/span>\n\t\t\t\t\t\t\t\t\t<span class=\"elementor-button-text\">Cont\u00e1ctanos<\/span>\n\t\t\t\t\t<\/span>\n\t\t\t\t\t<\/a>\n\t\t\t\t\t\t\t\t<\/div>\n\t\t\t\t\t<\/div>\n\t\t\t\t<\/div>\n\t\t\t\t<\/div>","protected":false},"excerpt":{"rendered":"<p>Servicios Soluciones para la reducci\u00f3n de dureza del agua mediante sistemas de intercambio i\u00f3nico, orientadas a la protecci\u00f3n de instalaciones, optimizaci\u00f3n de procesos y prolongaci\u00f3n de la vida \u00fatil de los equipos. Descalcificadores \u00d3smosis inversa Instalaci\u00f3n, puesta en marcha y mantenimiento de equipos de alta eficiencia para la eliminaci\u00f3n de sales disueltas, contaminantes y part\u00edculas, [&hellip;]<\/p>\n","protected":false},"author":1,"featured_media":0,"parent":0,"menu_order":0,"comment_status":"closed","ping_status":"closed","template":"elementor_canvas","meta":{"footnotes":""},"class_list":["post-13","page","type-page","status-publish","hentry"],"yoast_head":"<!-- This site is optimized with the Yoast SEO plugin v27.4 - https:\/\/yoast.com\/product\/yoast-seo-wordpress\/ -->\n<title>Servicios - Aguaosmosis<\/title>\n<meta name=\"robots\" content=\"index, follow, max-snippet:-1, max-image-preview:large, max-video-preview:-1\" \/>\n<link rel=\"canonical\" href=\"https:\/\/mantenimientoaguaosmosis.com\/en\/servicios\/\" \/>\n<meta property=\"og:locale\" content=\"en_US\" \/>\n<meta property=\"og:type\" content=\"article\" \/>\n<meta property=\"og:title\" content=\"Servicios - Aguaosmosis\" \/>\n<meta property=\"og:description\" content=\"Servicios Soluciones para la reducci\u00f3n de dureza del agua mediante sistemas de intercambio i\u00f3nico, orientadas a la protecci\u00f3n de instalaciones, optimizaci\u00f3n de procesos y prolongaci\u00f3n de la vida \u00fatil de los equipos. Descalcificadores \u00d3smosis inversa Instalaci\u00f3n, puesta en marcha y mantenimiento de equipos de alta eficiencia para la eliminaci\u00f3n de sales disueltas, contaminantes y part\u00edculas, [&hellip;]\" \/>\n<meta property=\"og:url\" content=\"https:\/\/mantenimientoaguaosmosis.com\/en\/servicios\/\" \/>\n<meta property=\"og:site_name\" content=\"Aguaosmosis\" \/>\n<meta property=\"article:modified_time\" content=\"2026-02-05T15:00:10+00:00\" \/>\n<meta property=\"og:image\" content=\"https:\/\/mantenimientoaguaosmosis.com\/wp-content\/uploads\/elementor\/thumbs\/descalcificador-waterhome-mini-lcd-1-ripniu5luwd12f7iyla65na2605xbndt28cdy7ab34.jpg\" \/>\n<meta name=\"twitter:card\" content=\"summary_large_image\" \/>\n<meta name=\"twitter:label1\" content=\"Est. reading time\" \/>\n\t<meta name=\"twitter:data1\" content=\"1 minute\" \/>\n<script type=\"application\/ld+json\" class=\"yoast-schema-graph\">{\"@context\":\"https:\\\/\\\/schema.org\",\"@graph\":[{\"@type\":\"WebPage\",\"@id\":\"https:\\\/\\\/mantenimientoaguaosmosis.com\\\/servicios\\\/\",\"url\":\"https:\\\/\\\/mantenimientoaguaosmosis.com\\\/servicios\\\/\",\"name\":\"Servicios - Aguaosmosis\",\"isPartOf\":{\"@id\":\"https:\\\/\\\/mantenimientoaguaosmosis.com\\\/#website\"},\"primaryImageOfPage\":{\"@id\":\"https:\\\/\\\/mantenimientoaguaosmosis.com\\\/servicios\\\/#primaryimage\"},\"image\":{\"@id\":\"https:\\\/\\\/mantenimientoaguaosmosis.com\\\/servicios\\\/#primaryimage\"},\"thumbnailUrl\":\"https:\\\/\\\/mantenimientoaguaosmosis.com\\\/wp-content\\\/uploads\\\/elementor\\\/thumbs\\\/descalcificador-waterhome-mini-lcd-1-ripniu5luwd12f7iyla65na2605xbndt28cdy7ab34.jpg\",\"datePublished\":\"2026-02-04T15:37:47+00:00\",\"dateModified\":\"2026-02-05T15:00:10+00:00\",\"breadcrumb\":{\"@id\":\"https:\\\/\\\/mantenimientoaguaosmosis.com\\\/servicios\\\/#breadcrumb\"},\"inLanguage\":\"en-US\",\"potentialAction\":[{\"@type\":\"ReadAction\",\"target\":[\"https:\\\/\\\/mantenimientoaguaosmosis.com\\\/servicios\\\/\"]}]},{\"@type\":\"ImageObject\",\"inLanguage\":\"en-US\",\"@id\":\"https:\\\/\\\/mantenimientoaguaosmosis.com\\\/servicios\\\/#primaryimage\",\"url\":\"https:\\\/\\\/mantenimientoaguaosmosis.com\\\/wp-content\\\/uploads\\\/elementor\\\/thumbs\\\/descalcificador-waterhome-mini-lcd-1-ripniu5luwd12f7iyla65na2605xbndt28cdy7ab34.jpg\",\"contentUrl\":\"https:\\\/\\\/mantenimientoaguaosmosis.com\\\/wp-content\\\/uploads\\\/elementor\\\/thumbs\\\/descalcificador-waterhome-mini-lcd-1-ripniu5luwd12f7iyla65na2605xbndt28cdy7ab34.jpg\"},{\"@type\":\"BreadcrumbList\",\"@id\":\"https:\\\/\\\/mantenimientoaguaosmosis.com\\\/servicios\\\/#breadcrumb\",\"itemListElement\":[{\"@type\":\"ListItem\",\"position\":1,\"name\":\"Portada\",\"item\":\"https:\\\/\\\/mantenimientoaguaosmosis.com\\\/\"},{\"@type\":\"ListItem\",\"position\":2,\"name\":\"Servicios\"}]},{\"@type\":\"WebSite\",\"@id\":\"https:\\\/\\\/mantenimientoaguaosmosis.com\\\/#website\",\"url\":\"https:\\\/\\\/mantenimientoaguaosmosis.com\\\/\",\"name\":\"Aguaosmosis\",\"description\":\"\",\"publisher\":{\"@id\":\"https:\\\/\\\/mantenimientoaguaosmosis.com\\\/#organization\"},\"potentialAction\":[{\"@type\":\"SearchAction\",\"target\":{\"@type\":\"EntryPoint\",\"urlTemplate\":\"https:\\\/\\\/mantenimientoaguaosmosis.com\\\/?s={search_term_string}\"},\"query-input\":{\"@type\":\"PropertyValueSpecification\",\"valueRequired\":true,\"valueName\":\"search_term_string\"}}],\"inLanguage\":\"en-US\"},{\"@type\":\"Organization\",\"@id\":\"https:\\\/\\\/mantenimientoaguaosmosis.com\\\/#organization\",\"name\":\"Aguaosmosis\",\"url\":\"https:\\\/\\\/mantenimientoaguaosmosis.com\\\/\",\"logo\":{\"@type\":\"ImageObject\",\"inLanguage\":\"en-US\",\"@id\":\"https:\\\/\\\/mantenimientoaguaosmosis.com\\\/#\\\/schema\\\/logo\\\/image\\\/\",\"url\":\"https:\\\/\\\/mantenimientoaguaosmosis.com\\\/wp-content\\\/uploads\\\/2026\\\/02\\\/aguaosmosis202511_logo_web.png\",\"contentUrl\":\"https:\\\/\\\/mantenimientoaguaosmosis.com\\\/wp-content\\\/uploads\\\/2026\\\/02\\\/aguaosmosis202511_logo_web.png\",\"width\":1080,\"height\":659,\"caption\":\"Aguaosmosis\"},\"image\":{\"@id\":\"https:\\\/\\\/mantenimientoaguaosmosis.com\\\/#\\\/schema\\\/logo\\\/image\\\/\"}}]}<\/script>\n<!-- \/ Yoast SEO plugin. -->","yoast_head_json":{"title":"Servicios - Aguaosmosis","robots":{"index":"index","follow":"follow","max-snippet":"max-snippet:-1","max-image-preview":"max-image-preview:large","max-video-preview":"max-video-preview:-1"},"canonical":"https:\/\/mantenimientoaguaosmosis.com\/en\/servicios\/","og_locale":"en_US","og_type":"article","og_title":"Servicios - Aguaosmosis","og_description":"Servicios Soluciones para la reducci\u00f3n de dureza del agua mediante sistemas de intercambio i\u00f3nico, orientadas a la protecci\u00f3n de instalaciones, optimizaci\u00f3n de procesos y prolongaci\u00f3n de la vida \u00fatil de los equipos. Descalcificadores \u00d3smosis inversa Instalaci\u00f3n, puesta en marcha y mantenimiento de equipos de alta eficiencia para la eliminaci\u00f3n de sales disueltas, contaminantes y part\u00edculas, [&hellip;]","og_url":"https:\/\/mantenimientoaguaosmosis.com\/en\/servicios\/","og_site_name":"Aguaosmosis","article_modified_time":"2026-02-05T15:00:10+00:00","og_image":[{"url":"https:\/\/mantenimientoaguaosmosis.com\/wp-content\/uploads\/elementor\/thumbs\/descalcificador-waterhome-mini-lcd-1-ripniu5luwd12f7iyla65na2605xbndt28cdy7ab34.jpg","type":"","width":"","height":""}],"twitter_card":"summary_large_image","twitter_misc":{"Est. reading time":"1 minute"},"schema":{"@context":"https:\/\/schema.org","@graph":[{"@type":"WebPage","@id":"https:\/\/mantenimientoaguaosmosis.com\/servicios\/","url":"https:\/\/mantenimientoaguaosmosis.com\/servicios\/","name":"Servicios - Aguaosmosis","isPartOf":{"@id":"https:\/\/mantenimientoaguaosmosis.com\/#website"},"primaryImageOfPage":{"@id":"https:\/\/mantenimientoaguaosmosis.com\/servicios\/#primaryimage"},"image":{"@id":"https:\/\/mantenimientoaguaosmosis.com\/servicios\/#primaryimage"},"thumbnailUrl":"https:\/\/mantenimientoaguaosmosis.com\/wp-content\/uploads\/elementor\/thumbs\/descalcificador-waterhome-mini-lcd-1-ripniu5luwd12f7iyla65na2605xbndt28cdy7ab34.jpg","datePublished":"2026-02-04T15:37:47+00:00","dateModified":"2026-02-05T15:00:10+00:00","breadcrumb":{"@id":"https:\/\/mantenimientoaguaosmosis.com\/servicios\/#breadcrumb"},"inLanguage":"en-US","potentialAction":[{"@type":"ReadAction","target":["https:\/\/mantenimientoaguaosmosis.com\/servicios\/"]}]},{"@type":"ImageObject","inLanguage":"en-US","@id":"https:\/\/mantenimientoaguaosmosis.com\/servicios\/#primaryimage","url":"https:\/\/mantenimientoaguaosmosis.com\/wp-content\/uploads\/elementor\/thumbs\/descalcificador-waterhome-mini-lcd-1-ripniu5luwd12f7iyla65na2605xbndt28cdy7ab34.jpg","contentUrl":"https:\/\/mantenimientoaguaosmosis.com\/wp-content\/uploads\/elementor\/thumbs\/descalcificador-waterhome-mini-lcd-1-ripniu5luwd12f7iyla65na2605xbndt28cdy7ab34.jpg"},{"@type":"BreadcrumbList","@id":"https:\/\/mantenimientoaguaosmosis.com\/servicios\/#breadcrumb","itemListElement":[{"@type":"ListItem","position":1,"name":"Portada","item":"https:\/\/mantenimientoaguaosmosis.com\/"},{"@type":"ListItem","position":2,"name":"Servicios"}]},{"@type":"WebSite","@id":"https:\/\/mantenimientoaguaosmosis.com\/#website","url":"https:\/\/mantenimientoaguaosmosis.com\/","name":"Aguaosmosis","description":"","publisher":{"@id":"https:\/\/mantenimientoaguaosmosis.com\/#organization"},"potentialAction":[{"@type":"SearchAction","target":{"@type":"EntryPoint","urlTemplate":"https:\/\/mantenimientoaguaosmosis.com\/?s={search_term_string}"},"query-input":{"@type":"PropertyValueSpecification","valueRequired":true,"valueName":"search_term_string"}}],"inLanguage":"en-US"},{"@type":"Organization","@id":"https:\/\/mantenimientoaguaosmosis.com\/#organization","name":"Aguaosmosis","url":"https:\/\/mantenimientoaguaosmosis.com\/","logo":{"@type":"ImageObject","inLanguage":"en-US","@id":"https:\/\/mantenimientoaguaosmosis.com\/#\/schema\/logo\/image\/","url":"https:\/\/mantenimientoaguaosmosis.com\/wp-content\/uploads\/2026\/02\/aguaosmosis202511_logo_web.png","contentUrl":"https:\/\/mantenimientoaguaosmosis.com\/wp-content\/uploads\/2026\/02\/aguaosmosis202511_logo_web.png","width":1080,"height":659,"caption":"Aguaosmosis"},"image":{"@id":"https:\/\/mantenimientoaguaosmosis.com\/#\/schema\/logo\/image\/"}}]}},"_links":{"self":[{"href":"https:\/\/mantenimientoaguaosmosis.com\/en\/wp-json\/wp\/v2\/pages\/13","targetHints":{"allow":["GET"]}}],"collection":[{"href":"https:\/\/mantenimientoaguaosmosis.com\/en\/wp-json\/wp\/v2\/pages"}],"about":[{"href":"https:\/\/mantenimientoaguaosmosis.com\/en\/wp-json\/wp\/v2\/types\/page"}],"author":[{"embeddable":true,"href":"https:\/\/mantenimientoaguaosmosis.com\/en\/wp-json\/wp\/v2\/users\/1"}],"replies":[{"embeddable":true,"href":"https:\/\/mantenimientoaguaosmosis.com\/en\/wp-json\/wp\/v2\/comments?post=13"}],"version-history":[{"count":88,"href":"https:\/\/mantenimientoaguaosmosis.com\/en\/wp-json\/wp\/v2\/pages\/13\/revisions"}],"predecessor-version":[{"id":282,"href":"https:\/\/mantenimientoaguaosmosis.com\/en\/wp-json\/wp\/v2\/pages\/13\/revisions\/282"}],"wp:attachment":[{"href":"https:\/\/mantenimientoaguaosmosis.com\/en\/wp-json\/wp\/v2\/media?parent=13"}],"curies":[{"name":"wp","href":"https:\/\/api.w.org\/{rel}","templated":true}]}}