{"id":14,"date":"2026-02-04T15:37:57","date_gmt":"2026-02-04T15:37:57","guid":{"rendered":"https:\/\/mantenimientoaguaosmosis.rkinformatika.online\/?page_id=14"},"modified":"2026-02-11T15:03:19","modified_gmt":"2026-02-11T15:03:19","slug":"contacto","status":"publish","type":"page","link":"https:\/\/mantenimientoaguaosmosis.com\/en\/contacto\/","title":{"rendered":"Contact"},"content":{"rendered":"<div data-elementor-type=\"wp-page\" data-elementor-id=\"14\" class=\"elementor elementor-14\" data-elementor-post-type=\"page\">\n\t\t\t\t<div class=\"elementor-element elementor-element-9c9087d e-flex e-con-boxed e-con e-parent\" data-id=\"9c9087d\" data-element_type=\"container\" data-e-type=\"container\" data-settings=\"{&quot;background_background&quot;:&quot;classic&quot;,&quot;shape_divider_bottom&quot;:&quot;curve&quot;,&quot;shape_divider_bottom_negative&quot;:&quot;yes&quot;}\">\n\t\t\t\t\t<div class=\"e-con-inner\">\n\t\t\t\t<div class=\"elementor-shape elementor-shape-bottom\" aria-hidden=\"true\" data-negative=\"true\">\n\t\t\t<svg xmlns=\"http:\/\/www.w3.org\/2000\/svg\" viewbox=\"0 0 1000 100\" preserveaspectratio=\"none\">\n\t<path class=\"elementor-shape-fill\" d=\"M500,97C126.7,96.3,0.8,19.8,0,0v100l1000,0V1C1000,19.4,873.3,97.8,500,97z\"\/>\n<\/svg>\t\t<\/div>\n\t\t\t\t<div class=\"elementor-element elementor-element-cf5f9b8 elementor-invisible elementor-widget elementor-widget-heading\" data-id=\"cf5f9b8\" data-element_type=\"widget\" data-e-type=\"widget\" data-settings=\"{&quot;_animation&quot;:&quot;fadeIn&quot;}\" data-widget_type=\"heading.default\">\n\t\t\t\t\t<h2 class=\"elementor-heading-title elementor-size-default\">Resolvemos tus dudas<\/h2>\t\t\t\t<\/div>\n\t\t\t\t\t<\/div>\n\t\t\t\t<\/div>\n\t\t<div class=\"elementor-element elementor-element-ba30aed e-flex e-con-boxed e-con e-parent\" data-id=\"ba30aed\" data-element_type=\"container\" data-e-type=\"container\" data-settings=\"{&quot;background_background&quot;:&quot;classic&quot;,&quot;shape_divider_bottom&quot;:&quot;curve&quot;}\">\n\t\t\t\t\t<div class=\"e-con-inner\">\n\t\t\t\t<div class=\"elementor-shape elementor-shape-bottom\" aria-hidden=\"true\" data-negative=\"false\">\n\t\t\t<svg xmlns=\"http:\/\/www.w3.org\/2000\/svg\" viewbox=\"0 0 1000 100\" preserveaspectratio=\"none\">\n    <path class=\"elementor-shape-fill\" d=\"M1000,4.3V0H0v4.3C0.9,23.1,126.7,99.2,500,100S1000,22.7,1000,4.3z\"\/>\n<\/svg>\t\t<\/div>\n\t\t<div class=\"elementor-element elementor-element-6fd56ac e-con-full e-flex elementor-invisible e-con e-child\" data-id=\"6fd56ac\" data-element_type=\"container\" data-e-type=\"container\" data-settings=\"{&quot;background_background&quot;:&quot;classic&quot;,&quot;animation&quot;:&quot;fadeInRight&quot;}\">\n\t\t\t\t<div class=\"elementor-element elementor-element-9753923 elementor-widget elementor-widget-google_maps\" data-id=\"9753923\" data-element_type=\"widget\" data-e-type=\"widget\" data-widget_type=\"google_maps.default\">\n\t\t\t\t\t\t\t<div class=\"elementor-custom-embed\">\n\t\t\t<iframe loading=\"lazy\"\n\t\t\t\t\tsrc=\"https:\/\/maps.google.com\/maps?q=Carrer%20Mestre%20Medina%2C%203446440%20Almussafes%2C%20Val%C3%A8ncia&#038;t=m&#038;z=10&#038;output=embed&#038;iwloc=near\"\n\t\t\t\t\ttitle=\"Carrer Mestre Medina, 3446440 Almussafes, Val\u00e8ncia\"\n\t\t\t\t\taria-label=\"Carrer Mestre Medina, 3446440 Almussafes, Val\u00e8ncia\"\n\t\t\t><\/iframe>\n\t\t<\/div>\n\t\t\t\t\t\t<\/div>\n\t\t\t\t<\/div>\n\t\t<div class=\"elementor-element elementor-element-5cc2537 e-con-full animated-slow e-flex elementor-invisible e-con e-child\" data-id=\"5cc2537\" data-element_type=\"container\" data-e-type=\"container\" data-settings=\"{&quot;background_background&quot;:&quot;classic&quot;,&quot;animation&quot;:&quot;fadeInLeft&quot;}\">\n\t\t\t\t<div class=\"elementor-element elementor-element-e1911dc elementor-widget elementor-widget-heading\" data-id=\"e1911dc\" data-element_type=\"widget\" data-e-type=\"widget\" data-widget_type=\"heading.default\">\n\t\t\t\t\t<h2 class=\"elementor-heading-title elementor-size-default\">Informaci\u00f3n General<\/h2>\t\t\t\t<\/div>\n\t\t\t\t<div class=\"elementor-element elementor-element-0fa2f56 elementor-widget__width-inherit elementor-widget elementor-widget-heading\" data-id=\"0fa2f56\" data-element_type=\"widget\" data-e-type=\"widget\" data-widget_type=\"heading.default\">\n\t\t\t\t\t<h2 class=\"elementor-heading-title elementor-size-default\"><h2 class=\"elementor-heading-title elementor-size-default elementor-inline-editing pen\" data-elementor-setting-key=\"title\" data-pen-placeholder=\"Teclea aqu\u00ed...\" data-lt-tmp-id=\"lt-53200\" data-gramm=\"false\">Atenci\u00f3n telef\u00f3nica<\/h2><\/h2>\t\t\t\t<\/div>\n\t\t\t\t<div class=\"elementor-element elementor-element-922acb1 elementor-widget elementor-widget-heading\" data-id=\"922acb1\" data-element_type=\"widget\" data-e-type=\"widget\" data-widget_type=\"heading.default\">\n\t\t\t\t\t<h2 class=\"elementor-heading-title elementor-size-default\">Lunes a viernes: <br> 9:00 a 13:30 y 17:00 a 20:00 <br>\n\nS\u00e1bados: 9:00 a 14:00<\/h2>\t\t\t\t<\/div>\n\t\t\t\t<div class=\"elementor-element elementor-element-ca38384 elementor-widget-divider--view-line elementor-widget elementor-widget-divider\" data-id=\"ca38384\" data-element_type=\"widget\" data-e-type=\"widget\" data-widget_type=\"divider.default\">\n\t\t\t\t\t\t\t<div class=\"elementor-divider\">\n\t\t\t<span class=\"elementor-divider-separator\">\n\t\t\t\t\t\t<\/span>\n\t\t<\/div>\n\t\t\t\t\t\t<\/div>\n\t\t\t\t<div class=\"elementor-element elementor-element-b15f5ee elementor-widget elementor-widget-heading\" data-id=\"b15f5ee\" data-element_type=\"widget\" data-e-type=\"widget\" data-widget_type=\"heading.default\">\n\t\t\t\t\t<h2 class=\"elementor-heading-title elementor-size-default\"><a href=\"https:\/\/api.whatsapp.com\/send\/?phone=34679143841&#038;text&#038;type=phone_number&#038;app_absent=0\">+34 679 143 841<\/a><\/h2>\t\t\t\t<\/div>\n\t\t\t\t<div class=\"elementor-element elementor-element-ba01ae6 elementor-widget-divider--view-line elementor-widget elementor-widget-divider\" data-id=\"ba01ae6\" data-element_type=\"widget\" data-e-type=\"widget\" data-widget_type=\"divider.default\">\n\t\t\t\t\t\t\t<div class=\"elementor-divider\">\n\t\t\t<span class=\"elementor-divider-separator\">\n\t\t\t\t\t\t<\/span>\n\t\t<\/div>\n\t\t\t\t\t\t<\/div>\n\t\t\t\t<div class=\"elementor-element elementor-element-05ecab2 elementor-widget__width-inherit elementor-widget elementor-widget-heading\" data-id=\"05ecab2\" data-element_type=\"widget\" data-e-type=\"widget\" data-widget_type=\"heading.default\">\n\t\t\t\t\t<h2 class=\"elementor-heading-title elementor-size-default\">Direcci\u00f3n<\/h2>\t\t\t\t<\/div>\n\t\t\t\t<div class=\"elementor-element elementor-element-a588621 elementor-widget elementor-widget-heading\" data-id=\"a588621\" data-element_type=\"widget\" data-e-type=\"widget\" data-widget_type=\"heading.default\">\n\t\t\t\t\t<h2 class=\"elementor-heading-title elementor-size-default\">Carrer Mestre Medina, 34, 46440 Almussafes, Val\u00e8ncia<\/h2>\t\t\t\t<\/div>\n\t\t\t\t<\/div>\n\t\t\t\t\t<\/div>\n\t\t\t\t<\/div>\n\t\t\t\t<\/div>","protected":false},"excerpt":{"rendered":"<p>Resolvemos tus dudas Informaci\u00f3n General Atenci\u00f3n telef\u00f3nica Lunes a viernes: 9:00 a 13:30 y 17:00 a 20:00 S\u00e1bados: 9:00 a 14:00 +34 679 143 841 Direcci\u00f3n Carrer Mestre Medina, 34, 46440 Almussafes, Val\u00e8ncia<\/p>","protected":false},"author":1,"featured_media":0,"parent":0,"menu_order":0,"comment_status":"closed","ping_status":"closed","template":"elementor_canvas","meta":{"footnotes":""},"class_list":["post-14","page","type-page","status-publish","hentry"],"yoast_head":"<!-- This site is optimized with the Yoast SEO plugin v27.4 - https:\/\/yoast.com\/product\/yoast-seo-wordpress\/ -->\n<title>Contacto - Aguaosmosis<\/title>\n<meta name=\"robots\" content=\"index, follow, max-snippet:-1, max-image-preview:large, max-video-preview:-1\" \/>\n<link rel=\"canonical\" href=\"https:\/\/mantenimientoaguaosmosis.com\/en\/contacto\/\" \/>\n<meta property=\"og:locale\" content=\"en_US\" \/>\n<meta property=\"og:type\" content=\"article\" \/>\n<meta property=\"og:title\" content=\"Contacto - Aguaosmosis\" \/>\n<meta property=\"og:description\" content=\"Resolvemos tus dudas Informaci\u00f3n General Atenci\u00f3n telef\u00f3nica Lunes a viernes: 9:00 a 13:30 y 17:00 a 20:00 S\u00e1bados: 9:00 a 14:00 +34 679 143 841 Direcci\u00f3n Carrer Mestre Medina, 34, 46440 Almussafes, Val\u00e8ncia\" \/>\n<meta property=\"og:url\" content=\"https:\/\/mantenimientoaguaosmosis.com\/en\/contacto\/\" \/>\n<meta property=\"og:site_name\" content=\"Aguaosmosis\" \/>\n<meta property=\"article:modified_time\" content=\"2026-02-11T15:03:19+00:00\" \/>\n<meta name=\"twitter:card\" content=\"summary_large_image\" \/>\n<meta name=\"twitter:label1\" content=\"Est. reading time\" \/>\n\t<meta name=\"twitter:data1\" content=\"1 minute\" \/>\n<script type=\"application\/ld+json\" class=\"yoast-schema-graph\">{\"@context\":\"https:\\\/\\\/schema.org\",\"@graph\":[{\"@type\":\"WebPage\",\"@id\":\"https:\\\/\\\/mantenimientoaguaosmosis.com\\\/contacto\\\/\",\"url\":\"https:\\\/\\\/mantenimientoaguaosmosis.com\\\/contacto\\\/\",\"name\":\"Contacto - Aguaosmosis\",\"isPartOf\":{\"@id\":\"https:\\\/\\\/mantenimientoaguaosmosis.com\\\/#website\"},\"datePublished\":\"2026-02-04T15:37:57+00:00\",\"dateModified\":\"2026-02-11T15:03:19+00:00\",\"breadcrumb\":{\"@id\":\"https:\\\/\\\/mantenimientoaguaosmosis.com\\\/contacto\\\/#breadcrumb\"},\"inLanguage\":\"en-US\",\"potentialAction\":[{\"@type\":\"ReadAction\",\"target\":[\"https:\\\/\\\/mantenimientoaguaosmosis.com\\\/contacto\\\/\"]}]},{\"@type\":\"BreadcrumbList\",\"@id\":\"https:\\\/\\\/mantenimientoaguaosmosis.com\\\/contacto\\\/#breadcrumb\",\"itemListElement\":[{\"@type\":\"ListItem\",\"position\":1,\"name\":\"Portada\",\"item\":\"https:\\\/\\\/mantenimientoaguaosmosis.com\\\/\"},{\"@type\":\"ListItem\",\"position\":2,\"name\":\"Contacto\"}]},{\"@type\":\"WebSite\",\"@id\":\"https:\\\/\\\/mantenimientoaguaosmosis.com\\\/#website\",\"url\":\"https:\\\/\\\/mantenimientoaguaosmosis.com\\\/\",\"name\":\"Aguaosmosis\",\"description\":\"\",\"publisher\":{\"@id\":\"https:\\\/\\\/mantenimientoaguaosmosis.com\\\/#organization\"},\"potentialAction\":[{\"@type\":\"SearchAction\",\"target\":{\"@type\":\"EntryPoint\",\"urlTemplate\":\"https:\\\/\\\/mantenimientoaguaosmosis.com\\\/?s={search_term_string}\"},\"query-input\":{\"@type\":\"PropertyValueSpecification\",\"valueRequired\":true,\"valueName\":\"search_term_string\"}}],\"inLanguage\":\"en-US\"},{\"@type\":\"Organization\",\"@id\":\"https:\\\/\\\/mantenimientoaguaosmosis.com\\\/#organization\",\"name\":\"Aguaosmosis\",\"url\":\"https:\\\/\\\/mantenimientoaguaosmosis.com\\\/\",\"logo\":{\"@type\":\"ImageObject\",\"inLanguage\":\"en-US\",\"@id\":\"https:\\\/\\\/mantenimientoaguaosmosis.com\\\/#\\\/schema\\\/logo\\\/image\\\/\",\"url\":\"https:\\\/\\\/mantenimientoaguaosmosis.com\\\/wp-content\\\/uploads\\\/2026\\\/02\\\/aguaosmosis202511_logo_web.png\",\"contentUrl\":\"https:\\\/\\\/mantenimientoaguaosmosis.com\\\/wp-content\\\/uploads\\\/2026\\\/02\\\/aguaosmosis202511_logo_web.png\",\"width\":1080,\"height\":659,\"caption\":\"Aguaosmosis\"},\"image\":{\"@id\":\"https:\\\/\\\/mantenimientoaguaosmosis.com\\\/#\\\/schema\\\/logo\\\/image\\\/\"}}]}<\/script>\n<!-- \/ Yoast SEO plugin. -->","yoast_head_json":{"title":"Contacto - Aguaosmosis","robots":{"index":"index","follow":"follow","max-snippet":"max-snippet:-1","max-image-preview":"max-image-preview:large","max-video-preview":"max-video-preview:-1"},"canonical":"https:\/\/mantenimientoaguaosmosis.com\/en\/contacto\/","og_locale":"en_US","og_type":"article","og_title":"Contacto - Aguaosmosis","og_description":"Resolvemos tus dudas Informaci\u00f3n General Atenci\u00f3n telef\u00f3nica Lunes a viernes: 9:00 a 13:30 y 17:00 a 20:00 S\u00e1bados: 9:00 a 14:00 +34 679 143 841 Direcci\u00f3n Carrer Mestre Medina, 34, 46440 Almussafes, Val\u00e8ncia","og_url":"https:\/\/mantenimientoaguaosmosis.com\/en\/contacto\/","og_site_name":"Aguaosmosis","article_modified_time":"2026-02-11T15:03:19+00:00","twitter_card":"summary_large_image","twitter_misc":{"Est. reading time":"1 minute"},"schema":{"@context":"https:\/\/schema.org","@graph":[{"@type":"WebPage","@id":"https:\/\/mantenimientoaguaosmosis.com\/contacto\/","url":"https:\/\/mantenimientoaguaosmosis.com\/contacto\/","name":"Contacto - Aguaosmosis","isPartOf":{"@id":"https:\/\/mantenimientoaguaosmosis.com\/#website"},"datePublished":"2026-02-04T15:37:57+00:00","dateModified":"2026-02-11T15:03:19+00:00","breadcrumb":{"@id":"https:\/\/mantenimientoaguaosmosis.com\/contacto\/#breadcrumb"},"inLanguage":"en-US","potentialAction":[{"@type":"ReadAction","target":["https:\/\/mantenimientoaguaosmosis.com\/contacto\/"]}]},{"@type":"BreadcrumbList","@id":"https:\/\/mantenimientoaguaosmosis.com\/contacto\/#breadcrumb","itemListElement":[{"@type":"ListItem","position":1,"name":"Portada","item":"https:\/\/mantenimientoaguaosmosis.com\/"},{"@type":"ListItem","position":2,"name":"Contacto"}]},{"@type":"WebSite","@id":"https:\/\/mantenimientoaguaosmosis.com\/#website","url":"https:\/\/mantenimientoaguaosmosis.com\/","name":"Aguaosmosis","description":"","publisher":{"@id":"https:\/\/mantenimientoaguaosmosis.com\/#organization"},"potentialAction":[{"@type":"SearchAction","target":{"@type":"EntryPoint","urlTemplate":"https:\/\/mantenimientoaguaosmosis.com\/?s={search_term_string}"},"query-input":{"@type":"PropertyValueSpecification","valueRequired":true,"valueName":"search_term_string"}}],"inLanguage":"en-US"},{"@type":"Organization","@id":"https:\/\/mantenimientoaguaosmosis.com\/#organization","name":"Aguaosmosis","url":"https:\/\/mantenimientoaguaosmosis.com\/","logo":{"@type":"ImageObject","inLanguage":"en-US","@id":"https:\/\/mantenimientoaguaosmosis.com\/#\/schema\/logo\/image\/","url":"https:\/\/mantenimientoaguaosmosis.com\/wp-content\/uploads\/2026\/02\/aguaosmosis202511_logo_web.png","contentUrl":"https:\/\/mantenimientoaguaosmosis.com\/wp-content\/uploads\/2026\/02\/aguaosmosis202511_logo_web.png","width":1080,"height":659,"caption":"Aguaosmosis"},"image":{"@id":"https:\/\/mantenimientoaguaosmosis.com\/#\/schema\/logo\/image\/"}}]}},"_links":{"self":[{"href":"https:\/\/mantenimientoaguaosmosis.com\/en\/wp-json\/wp\/v2\/pages\/14","targetHints":{"allow":["GET"]}}],"collection":[{"href":"https:\/\/mantenimientoaguaosmosis.com\/en\/wp-json\/wp\/v2\/pages"}],"about":[{"href":"https:\/\/mantenimientoaguaosmosis.com\/en\/wp-json\/wp\/v2\/types\/page"}],"author":[{"embeddable":true,"href":"https:\/\/mantenimientoaguaosmosis.com\/en\/wp-json\/wp\/v2\/users\/1"}],"replies":[{"embeddable":true,"href":"https:\/\/mantenimientoaguaosmosis.com\/en\/wp-json\/wp\/v2\/comments?post=14"}],"version-history":[{"count":74,"href":"https:\/\/mantenimientoaguaosmosis.com\/en\/wp-json\/wp\/v2\/pages\/14\/revisions"}],"predecessor-version":[{"id":368,"href":"https:\/\/mantenimientoaguaosmosis.com\/en\/wp-json\/wp\/v2\/pages\/14\/revisions\/368"}],"wp:attachment":[{"href":"https:\/\/mantenimientoaguaosmosis.com\/en\/wp-json\/wp\/v2\/media?parent=14"}],"curies":[{"name":"wp","href":"https:\/\/api.w.org\/{rel}","templated":true}]}}