{"id":9,"date":"2026-02-04T15:36:07","date_gmt":"2026-02-04T15:36:07","guid":{"rendered":"https:\/\/mantenimientoaguaosmosis.rkinformatika.online\/?page_id=9"},"modified":"2026-02-05T15:53:16","modified_gmt":"2026-02-05T15:53:16","slug":"inicio","status":"publish","type":"page","link":"https:\/\/mantenimientoaguaosmosis.com\/en\/","title":{"rendered":"hOME"},"content":{"rendered":"<div data-elementor-type=\"wp-page\" data-elementor-id=\"9\" class=\"elementor elementor-9\" data-elementor-post-type=\"page\">\n\t\t\t\t<div class=\"elementor-element elementor-element-6e7696b e-flex e-con-boxed e-con e-parent\" data-id=\"6e7696b\" data-element_type=\"container\" data-e-type=\"container\" data-settings=\"{&quot;background_background&quot;:&quot;classic&quot;,&quot;shape_divider_bottom&quot;:&quot;curve&quot;,&quot;shape_divider_bottom_negative&quot;:&quot;yes&quot;}\">\n\t\t\t\t\t<div class=\"e-con-inner\">\n\t\t\t\t<div class=\"elementor-shape elementor-shape-bottom\" aria-hidden=\"true\" data-negative=\"true\">\n\t\t\t<svg xmlns=\"http:\/\/www.w3.org\/2000\/svg\" viewbox=\"0 0 1000 100\" preserveaspectratio=\"none\">\n\t<path class=\"elementor-shape-fill\" d=\"M500,97C126.7,96.3,0.8,19.8,0,0v100l1000,0V1C1000,19.4,873.3,97.8,500,97z\"\/>\n<\/svg>\t\t<\/div>\n\t\t\t\t<div class=\"elementor-element elementor-element-c976f27 elementor-invisible elementor-widget elementor-widget-heading\" data-id=\"c976f27\" data-element_type=\"widget\" data-e-type=\"widget\" data-settings=\"{&quot;_animation&quot;:&quot;fadeIn&quot;}\" data-widget_type=\"heading.default\">\n\t\t\t\t\t<h2 class=\"elementor-heading-title elementor-size-default\">Aguaosmosis<\/h2>\t\t\t\t<\/div>\n\t\t\t\t\t<\/div>\n\t\t\t\t<\/div>\n\t\t<div class=\"elementor-element elementor-element-84b359d e-flex e-con-boxed e-con e-parent\" data-id=\"84b359d\" data-element_type=\"container\" data-e-type=\"container\" data-settings=\"{&quot;background_background&quot;:&quot;classic&quot;}\">\n\t\t\t\t\t<div class=\"e-con-inner\">\n\t\t<div class=\"elementor-element elementor-element-784a1d9 e-con-full e-flex elementor-invisible e-con e-child\" data-id=\"784a1d9\" data-element_type=\"container\" data-e-type=\"container\" data-settings=\"{&quot;animation&quot;:&quot;bounce&quot;}\">\n\t\t\t\t<div class=\"elementor-element elementor-element-6284e3c elementor-widget elementor-widget-heading\" data-id=\"6284e3c\" data-element_type=\"widget\" data-e-type=\"widget\" data-widget_type=\"heading.default\">\n\t\t\t\t\t<h2 class=\"elementor-heading-title elementor-size-default\">About us<\/h2>\t\t\t\t<\/div>\n\t\t\t\t<div class=\"elementor-element elementor-element-e99931f elementor-widget elementor-widget-text-editor\" data-id=\"e99931f\" data-element_type=\"widget\" data-e-type=\"widget\" data-widget_type=\"text-editor.default\">\n\t\t\t\t\t\t\t\t\t<p data-start=\"195\" data-end=\"486\">At Aguaosmosis, we believe that the water you consume and use every day can make a difference to your health and well-being. That's why we're dedicated to transforming water to transform your daily life, offering comprehensive solutions that go far beyond a simple service.<\/p><p data-start=\"488\" data-end=\"878\">We are experts in the installation and maintenance of reverse osmosis systems and water softeners, working with homes and businesses that seek quality, safety, and peace of mind in every drop of water. Our team combines experience, advanced technology, and personalized attention, ensuring that each project is perfectly tailored to our clients' needs.<\/p><p data-start=\"880\" data-end=\"1192\">At Aguaosmosis, your well-being and the health of your environment are our priority. We don't just treat water: we care for your health, protect your facilities, and make your daily life easier. We are committed to providing reliable, long-lasting, and efficient solutions, so you can be confident that your water is in the best hands.<\/p>\t\t\t\t\t\t\t\t<\/div>\n\t\t\t\t<div class=\"elementor-element elementor-element-a3e7cef elementor-widget-divider--view-line elementor-widget elementor-widget-divider\" data-id=\"a3e7cef\" data-element_type=\"widget\" data-e-type=\"widget\" data-widget_type=\"divider.default\">\n\t\t\t\t\t\t\t<div class=\"elementor-divider\">\n\t\t\t<span class=\"elementor-divider-separator\">\n\t\t\t\t\t\t<\/span>\n\t\t<\/div>\n\t\t\t\t\t\t<\/div>\n\t\t\t\t<\/div>\n\t\t<div class=\"elementor-element elementor-element-1195d1f e-con-full e-flex elementor-invisible e-con e-child\" data-id=\"1195d1f\" data-element_type=\"container\" data-e-type=\"container\" data-settings=\"{&quot;animation&quot;:&quot;bounce&quot;}\">\n\t\t\t\t<div class=\"elementor-element elementor-element-da6a707 elementor-widget elementor-widget-image\" data-id=\"da6a707\" data-element_type=\"widget\" data-e-type=\"widget\" data-widget_type=\"image.default\">\n\t\t\t\t\t\t\t\t\t\t\t\t\t\t\t<img fetchpriority=\"high\" decoding=\"async\" width=\"2000\" height=\"1334\" src=\"https:\/\/mantenimientoaguaosmosis.com\/wp-content\/uploads\/2026\/02\/2647.jpg\" class=\"attachment-full size-full wp-image-255\" alt=\"\" srcset=\"https:\/\/mantenimientoaguaosmosis.com\/wp-content\/uploads\/2026\/02\/2647.jpg 2000w, https:\/\/mantenimientoaguaosmosis.com\/wp-content\/uploads\/2026\/02\/2647-300x200.jpg 300w, https:\/\/mantenimientoaguaosmosis.com\/wp-content\/uploads\/2026\/02\/2647-1024x683.jpg 1024w, https:\/\/mantenimientoaguaosmosis.com\/wp-content\/uploads\/2026\/02\/2647-768x512.jpg 768w, https:\/\/mantenimientoaguaosmosis.com\/wp-content\/uploads\/2026\/02\/2647-1536x1025.jpg 1536w, https:\/\/mantenimientoaguaosmosis.com\/wp-content\/uploads\/2026\/02\/2647-18x12.jpg 18w\" sizes=\"(max-width: 2000px) 100vw, 2000px\" \/>\t\t\t\t\t\t\t\t\t\t\t\t\t\t\t<\/div>\n\t\t\t\t<\/div>\n\t\t\t\t\t<\/div>\n\t\t\t\t<\/div>\n\t\t<div class=\"elementor-element elementor-element-7c84404 e-flex e-con-boxed e-con e-parent\" data-id=\"7c84404\" data-element_type=\"container\" data-e-type=\"container\" data-settings=\"{&quot;background_background&quot;:&quot;classic&quot;,&quot;shape_divider_top&quot;:&quot;curve&quot;}\">\n\t\t\t\t\t<div class=\"e-con-inner\">\n\t\t\t\t<div class=\"elementor-shape elementor-shape-top\" aria-hidden=\"true\" data-negative=\"false\">\n\t\t\t<svg xmlns=\"http:\/\/www.w3.org\/2000\/svg\" viewbox=\"0 0 1000 100\" preserveaspectratio=\"none\">\n    <path class=\"elementor-shape-fill\" d=\"M1000,4.3V0H0v4.3C0.9,23.1,126.7,99.2,500,100S1000,22.7,1000,4.3z\"\/>\n<\/svg>\t\t<\/div>\n\t\t\t\t<div class=\"elementor-element elementor-element-55883a1 elementor-invisible elementor-widget elementor-widget-heading\" data-id=\"55883a1\" data-element_type=\"widget\" data-e-type=\"widget\" data-settings=\"{&quot;_animation&quot;:&quot;fadeInLeft&quot;}\" data-widget_type=\"heading.default\">\n\t\t\t\t\t<h2 class=\"elementor-heading-title elementor-size-default\">Trust your water to Aguaosmosis<\/h2>\t\t\t\t<\/div>\n\t\t\t\t<div class=\"elementor-element elementor-element-79afa90 elementor-invisible elementor-widget elementor-widget-button\" data-id=\"79afa90\" data-element_type=\"widget\" data-e-type=\"widget\" data-settings=\"{&quot;_animation&quot;:&quot;fadeInRight&quot;}\" data-widget_type=\"button.default\">\n\t\t\t\t\t\t\t\t\t\t<a class=\"elementor-button elementor-button-link elementor-size-sm\" href=\"\/en\/servicios\/\">\n\t\t\t\t\t\t<span class=\"elementor-button-content-wrapper\">\n\t\t\t\t\t\t<span class=\"elementor-button-icon\">\n\t\t\t\t<svg aria-hidden=\"true\" class=\"e-font-icon-svg e-fas-mouse-pointer\" viewbox=\"0 0 320 512\" xmlns=\"http:\/\/www.w3.org\/2000\/svg\"><path d=\"M302.189 329.126H196.105l55.831 135.993c3.889 9.428-.555 19.999-9.444 23.999l-49.165 21.427c-9.165 4-19.443-.571-23.332-9.714l-53.053-129.136-86.664 89.138C18.729 472.71 0 463.554 0 447.977V18.299C0 1.899 19.921-6.096 30.277 5.443l284.412 292.542c11.472 11.179 3.007 31.141-12.5 31.141z\"><\/path><\/svg>\t\t\t<\/span>\n\t\t\t\t\t\t\t\t\t<span class=\"elementor-button-text\">See services<\/span>\n\t\t\t\t\t<\/span>\n\t\t\t\t\t<\/a>\n\t\t\t\t\t\t\t\t<\/div>\n\t\t\t\t\t<\/div>\n\t\t\t\t<\/div>\n\t\t\t\t<\/div>","protected":false},"excerpt":{"rendered":"<p>Aguaosmosis Sobre nosotros En Aguaosmosis, creemos que el agua que consumes y utilizas todos los d\u00edas puede marcar la diferencia en tu salud y bienestar. Por eso, nos dedicamos a transformar el agua para transformar tu d\u00eda a d\u00eda, ofreciendo soluciones integrales que van mucho m\u00e1s all\u00e1 de un simple servicio. Somos expertos en la [&hellip;]<\/p>\n","protected":false},"author":1,"featured_media":0,"parent":0,"menu_order":0,"comment_status":"closed","ping_status":"closed","template":"elementor_canvas","meta":{"footnotes":""},"class_list":["post-9","page","type-page","status-publish","hentry"],"yoast_head":"<!-- This site is optimized with the Yoast SEO plugin v27.4 - https:\/\/yoast.com\/product\/yoast-seo-wordpress\/ -->\n<title>Inicio - Aguaosmosis<\/title>\n<meta name=\"robots\" content=\"index, follow, max-snippet:-1, max-image-preview:large, max-video-preview:-1\" \/>\n<link rel=\"canonical\" href=\"https:\/\/mantenimientoaguaosmosis.com\/en\/\" \/>\n<meta property=\"og:locale\" content=\"en_US\" \/>\n<meta property=\"og:type\" content=\"article\" \/>\n<meta property=\"og:title\" content=\"Inicio - Aguaosmosis\" \/>\n<meta property=\"og:description\" content=\"Aguaosmosis Sobre nosotros En Aguaosmosis, creemos que el agua que consumes y utilizas todos los d\u00edas puede marcar la diferencia en tu salud y bienestar. Por eso, nos dedicamos a transformar el agua para transformar tu d\u00eda a d\u00eda, ofreciendo soluciones integrales que van mucho m\u00e1s all\u00e1 de un simple servicio. Somos expertos en la [&hellip;]\" \/>\n<meta property=\"og:url\" content=\"https:\/\/mantenimientoaguaosmosis.com\/en\/\" \/>\n<meta property=\"og:site_name\" content=\"Aguaosmosis\" \/>\n<meta property=\"article:modified_time\" content=\"2026-02-05T15:53:16+00:00\" \/>\n<meta property=\"og:image\" content=\"https:\/\/mantenimientoaguaosmosis.com\/wp-content\/uploads\/2026\/02\/2647.jpg\" \/>\n<meta name=\"twitter:card\" content=\"summary_large_image\" \/>\n<meta name=\"twitter:label1\" content=\"Est. reading time\" \/>\n\t<meta name=\"twitter:data1\" content=\"1 minute\" \/>\n<script type=\"application\/ld+json\" class=\"yoast-schema-graph\">{\"@context\":\"https:\\\/\\\/schema.org\",\"@graph\":[{\"@type\":\"WebPage\",\"@id\":\"https:\\\/\\\/mantenimientoaguaosmosis.com\\\/\",\"url\":\"https:\\\/\\\/mantenimientoaguaosmosis.com\\\/\",\"name\":\"Inicio - Aguaosmosis\",\"isPartOf\":{\"@id\":\"https:\\\/\\\/mantenimientoaguaosmosis.com\\\/#website\"},\"primaryImageOfPage\":{\"@id\":\"https:\\\/\\\/mantenimientoaguaosmosis.com\\\/#primaryimage\"},\"image\":{\"@id\":\"https:\\\/\\\/mantenimientoaguaosmosis.com\\\/#primaryimage\"},\"thumbnailUrl\":\"https:\\\/\\\/mantenimientoaguaosmosis.com\\\/wp-content\\\/uploads\\\/2026\\\/02\\\/2647.jpg\",\"datePublished\":\"2026-02-04T15:36:07+00:00\",\"dateModified\":\"2026-02-05T15:53:16+00:00\",\"breadcrumb\":{\"@id\":\"https:\\\/\\\/mantenimientoaguaosmosis.com\\\/#breadcrumb\"},\"inLanguage\":\"en-US\",\"potentialAction\":[{\"@type\":\"ReadAction\",\"target\":[\"https:\\\/\\\/mantenimientoaguaosmosis.com\\\/\"]}]},{\"@type\":\"ImageObject\",\"inLanguage\":\"en-US\",\"@id\":\"https:\\\/\\\/mantenimientoaguaosmosis.com\\\/#primaryimage\",\"url\":\"https:\\\/\\\/mantenimientoaguaosmosis.com\\\/wp-content\\\/uploads\\\/2026\\\/02\\\/2647.jpg\",\"contentUrl\":\"https:\\\/\\\/mantenimientoaguaosmosis.com\\\/wp-content\\\/uploads\\\/2026\\\/02\\\/2647.jpg\"},{\"@type\":\"BreadcrumbList\",\"@id\":\"https:\\\/\\\/mantenimientoaguaosmosis.com\\\/#breadcrumb\",\"itemListElement\":[{\"@type\":\"ListItem\",\"position\":1,\"name\":\"Portada\",\"item\":\"https:\\\/\\\/mantenimientoaguaosmosis.com\\\/\"},{\"@type\":\"ListItem\",\"position\":2,\"name\":\"Inicio\"}]},{\"@type\":\"WebSite\",\"@id\":\"https:\\\/\\\/mantenimientoaguaosmosis.com\\\/#website\",\"url\":\"https:\\\/\\\/mantenimientoaguaosmosis.com\\\/\",\"name\":\"Aguaosmosis\",\"description\":\"\",\"publisher\":{\"@id\":\"https:\\\/\\\/mantenimientoaguaosmosis.com\\\/#organization\"},\"potentialAction\":[{\"@type\":\"SearchAction\",\"target\":{\"@type\":\"EntryPoint\",\"urlTemplate\":\"https:\\\/\\\/mantenimientoaguaosmosis.com\\\/?s={search_term_string}\"},\"query-input\":{\"@type\":\"PropertyValueSpecification\",\"valueRequired\":true,\"valueName\":\"search_term_string\"}}],\"inLanguage\":\"en-US\"},{\"@type\":\"Organization\",\"@id\":\"https:\\\/\\\/mantenimientoaguaosmosis.com\\\/#organization\",\"name\":\"Aguaosmosis\",\"url\":\"https:\\\/\\\/mantenimientoaguaosmosis.com\\\/\",\"logo\":{\"@type\":\"ImageObject\",\"inLanguage\":\"en-US\",\"@id\":\"https:\\\/\\\/mantenimientoaguaosmosis.com\\\/#\\\/schema\\\/logo\\\/image\\\/\",\"url\":\"https:\\\/\\\/mantenimientoaguaosmosis.com\\\/wp-content\\\/uploads\\\/2026\\\/02\\\/aguaosmosis202511_logo_web.png\",\"contentUrl\":\"https:\\\/\\\/mantenimientoaguaosmosis.com\\\/wp-content\\\/uploads\\\/2026\\\/02\\\/aguaosmosis202511_logo_web.png\",\"width\":1080,\"height\":659,\"caption\":\"Aguaosmosis\"},\"image\":{\"@id\":\"https:\\\/\\\/mantenimientoaguaosmosis.com\\\/#\\\/schema\\\/logo\\\/image\\\/\"}}]}<\/script>\n<!-- \/ Yoast SEO plugin. -->","yoast_head_json":{"title":"Inicio - Aguaosmosis","robots":{"index":"index","follow":"follow","max-snippet":"max-snippet:-1","max-image-preview":"max-image-preview:large","max-video-preview":"max-video-preview:-1"},"canonical":"https:\/\/mantenimientoaguaosmosis.com\/en\/","og_locale":"en_US","og_type":"article","og_title":"Inicio - Aguaosmosis","og_description":"Aguaosmosis Sobre nosotros En Aguaosmosis, creemos que el agua que consumes y utilizas todos los d\u00edas puede marcar la diferencia en tu salud y bienestar. Por eso, nos dedicamos a transformar el agua para transformar tu d\u00eda a d\u00eda, ofreciendo soluciones integrales que van mucho m\u00e1s all\u00e1 de un simple servicio. Somos expertos en la [&hellip;]","og_url":"https:\/\/mantenimientoaguaosmosis.com\/en\/","og_site_name":"Aguaosmosis","article_modified_time":"2026-02-05T15:53:16+00:00","og_image":[{"url":"https:\/\/mantenimientoaguaosmosis.com\/wp-content\/uploads\/2026\/02\/2647.jpg","type":"","width":"","height":""}],"twitter_card":"summary_large_image","twitter_misc":{"Est. reading time":"1 minute"},"schema":{"@context":"https:\/\/schema.org","@graph":[{"@type":"WebPage","@id":"https:\/\/mantenimientoaguaosmosis.com\/","url":"https:\/\/mantenimientoaguaosmosis.com\/","name":"Inicio - Aguaosmosis","isPartOf":{"@id":"https:\/\/mantenimientoaguaosmosis.com\/#website"},"primaryImageOfPage":{"@id":"https:\/\/mantenimientoaguaosmosis.com\/#primaryimage"},"image":{"@id":"https:\/\/mantenimientoaguaosmosis.com\/#primaryimage"},"thumbnailUrl":"https:\/\/mantenimientoaguaosmosis.com\/wp-content\/uploads\/2026\/02\/2647.jpg","datePublished":"2026-02-04T15:36:07+00:00","dateModified":"2026-02-05T15:53:16+00:00","breadcrumb":{"@id":"https:\/\/mantenimientoaguaosmosis.com\/#breadcrumb"},"inLanguage":"en-US","potentialAction":[{"@type":"ReadAction","target":["https:\/\/mantenimientoaguaosmosis.com\/"]}]},{"@type":"ImageObject","inLanguage":"en-US","@id":"https:\/\/mantenimientoaguaosmosis.com\/#primaryimage","url":"https:\/\/mantenimientoaguaosmosis.com\/wp-content\/uploads\/2026\/02\/2647.jpg","contentUrl":"https:\/\/mantenimientoaguaosmosis.com\/wp-content\/uploads\/2026\/02\/2647.jpg"},{"@type":"BreadcrumbList","@id":"https:\/\/mantenimientoaguaosmosis.com\/#breadcrumb","itemListElement":[{"@type":"ListItem","position":1,"name":"Portada","item":"https:\/\/mantenimientoaguaosmosis.com\/"},{"@type":"ListItem","position":2,"name":"Inicio"}]},{"@type":"WebSite","@id":"https:\/\/mantenimientoaguaosmosis.com\/#website","url":"https:\/\/mantenimientoaguaosmosis.com\/","name":"Aguaosmosis","description":"","publisher":{"@id":"https:\/\/mantenimientoaguaosmosis.com\/#organization"},"potentialAction":[{"@type":"SearchAction","target":{"@type":"EntryPoint","urlTemplate":"https:\/\/mantenimientoaguaosmosis.com\/?s={search_term_string}"},"query-input":{"@type":"PropertyValueSpecification","valueRequired":true,"valueName":"search_term_string"}}],"inLanguage":"en-US"},{"@type":"Organization","@id":"https:\/\/mantenimientoaguaosmosis.com\/#organization","name":"Aguaosmosis","url":"https:\/\/mantenimientoaguaosmosis.com\/","logo":{"@type":"ImageObject","inLanguage":"en-US","@id":"https:\/\/mantenimientoaguaosmosis.com\/#\/schema\/logo\/image\/","url":"https:\/\/mantenimientoaguaosmosis.com\/wp-content\/uploads\/2026\/02\/aguaosmosis202511_logo_web.png","contentUrl":"https:\/\/mantenimientoaguaosmosis.com\/wp-content\/uploads\/2026\/02\/aguaosmosis202511_logo_web.png","width":1080,"height":659,"caption":"Aguaosmosis"},"image":{"@id":"https:\/\/mantenimientoaguaosmosis.com\/#\/schema\/logo\/image\/"}}]}},"_links":{"self":[{"href":"https:\/\/mantenimientoaguaosmosis.com\/en\/wp-json\/wp\/v2\/pages\/9","targetHints":{"allow":["GET"]}}],"collection":[{"href":"https:\/\/mantenimientoaguaosmosis.com\/en\/wp-json\/wp\/v2\/pages"}],"about":[{"href":"https:\/\/mantenimientoaguaosmosis.com\/en\/wp-json\/wp\/v2\/types\/page"}],"author":[{"embeddable":true,"href":"https:\/\/mantenimientoaguaosmosis.com\/en\/wp-json\/wp\/v2\/users\/1"}],"replies":[{"embeddable":true,"href":"https:\/\/mantenimientoaguaosmosis.com\/en\/wp-json\/wp\/v2\/comments?post=9"}],"version-history":[{"count":55,"href":"https:\/\/mantenimientoaguaosmosis.com\/en\/wp-json\/wp\/v2\/pages\/9\/revisions"}],"predecessor-version":[{"id":325,"href":"https:\/\/mantenimientoaguaosmosis.com\/en\/wp-json\/wp\/v2\/pages\/9\/revisions\/325"}],"wp:attachment":[{"href":"https:\/\/mantenimientoaguaosmosis.com\/en\/wp-json\/wp\/v2\/media?parent=9"}],"curies":[{"name":"wp","href":"https:\/\/api.w.org\/{rel}","templated":true}]}}